{"id":1389,"date":"2022-03-13T09:49:55","date_gmt":"2022-03-13T09:49:55","guid":{"rendered":"https:\/\/dutch100marathonrunners.com\/?page_id=1389"},"modified":"2025-01-05T11:01:26","modified_gmt":"2025-01-05T11:01:26","slug":"horst-preisler","status":"publish","type":"page","link":"https:\/\/dutch100marathonrunners.com\/?page_id=1389","title":{"rendered":"Horst Preisler"},"content":{"rendered":"<p>Met pijn in ons sporthart hebben we op 23 februari 2022 afscheid moeten nemen van \u201cWeltmeister\u201d Horst Preisler uit Hamburg. Horst is geboren op 2 augustus 1935 en werd 86.<br \/>\nHet overlijden van Horst raakte mij ook persoonlijk omdat ik door de jaren heen een steeds betere band kreeg met Horst en hij behalve een uniek atleet ook een lieve bescheiden man was.<br \/>\nHorst leerde ik kennen tijdens een LPM marathon van Micha Havreluk in Genk en wij raakten bevriend. Behalve mailcontact zagen we elkaar tijdens verschillende marathons en kwam Horst naar mijn 100ste in 2010 te Brummen en mijn 200ste en tevens laatste marathon, de Vrienden Bedankt Marathon in 2014 in het Amsterdamse bos. Met de trein uit Hamburg!<\/p>\n<figure id=\"attachment_1387\" aria-describedby=\"caption-attachment-1387\" style=\"width: 600px\" class=\"wp-caption aligncenter\"><img loading=\"lazy\" decoding=\"async\" class=\"wp-image-1387 size-full\" src=\"https:\/\/dutch100marathonrunners.com\/wp-content\/uploads\/2022\/03\/Horst-Preisler.jpg\" alt=\"\" width=\"600\" height=\"450\" srcset=\"https:\/\/dutch100marathonrunners.com\/wp-content\/uploads\/2022\/03\/Horst-Preisler.jpg 600w, https:\/\/dutch100marathonrunners.com\/wp-content\/uploads\/2022\/03\/Horst-Preisler-300x225.jpg 300w\" sizes=\"auto, (max-width: 600px) 100vw, 600px\" \/><figcaption id=\"caption-attachment-1387\" class=\"wp-caption-text\">Horst Preisler in Brummen tijdens de Engelenburg Marathon in 2010<\/figcaption><\/figure>\n<figure id=\"attachment_1393\" aria-describedby=\"caption-attachment-1393\" style=\"width: 600px\" class=\"wp-caption aligncenter\"><img loading=\"lazy\" decoding=\"async\" class=\"wp-image-1393 size-full\" src=\"https:\/\/dutch100marathonrunners.com\/wp-content\/uploads\/2022\/03\/Horst-Preisler-na-de-Engelenburg-Marathon-weer-met-de-trein-naar-Hamburg.jpg\" alt=\"\" width=\"600\" height=\"400\" srcset=\"https:\/\/dutch100marathonrunners.com\/wp-content\/uploads\/2022\/03\/Horst-Preisler-na-de-Engelenburg-Marathon-weer-met-de-trein-naar-Hamburg.jpg 600w, https:\/\/dutch100marathonrunners.com\/wp-content\/uploads\/2022\/03\/Horst-Preisler-na-de-Engelenburg-Marathon-weer-met-de-trein-naar-Hamburg-300x200.jpg 300w\" sizes=\"auto, (max-width: 600px) 100vw, 600px\" \/><figcaption id=\"caption-attachment-1393\" class=\"wp-caption-text\">Horst Preisler na de Engelenburg Marathon weer met de trein naar Hamburg<\/figcaption><\/figure>\n<p>De jongere generaties kennen hem misschien niet maar Horst heeft het marathon verzamelen op de kaart gezet en heeft 16 jaar de wereldranglijst aangevoerd van 1995 tot 2011. Horst heeft velen van de oude garde ge\u00efnspireerd tot het verleggen van je grenzen.<\/p>\n<figure id=\"attachment_1404\" aria-describedby=\"caption-attachment-1404\" style=\"width: 211px\" class=\"wp-caption aligncenter\"><img loading=\"lazy\" decoding=\"async\" class=\"size-medium wp-image-1404\" src=\"https:\/\/dutch100marathonrunners.com\/wp-content\/uploads\/2022\/03\/Horst-100-211x300.jpg\" alt=\"\" width=\"211\" height=\"300\" srcset=\"https:\/\/dutch100marathonrunners.com\/wp-content\/uploads\/2022\/03\/Horst-100-211x300.jpg 211w, https:\/\/dutch100marathonrunners.com\/wp-content\/uploads\/2022\/03\/Horst-100.jpg 281w\" sizes=\"auto, (max-width: 211px) 100vw, 211px\" \/><figcaption id=\"caption-attachment-1404\" class=\"wp-caption-text\">Horst Preisler volbrengt zijn 1000ste marathon in Berlijn<\/figcaption><\/figure>\n<p>Horst Preisler was de eerste marathonloper die de mijlpaal\u00a0 van 1000 marathons bereikte. Dat gebeurde tijdens de Marathon van Berlijn in het jaar 2000.<\/p>\n<figure id=\"attachment_1396\" aria-describedby=\"caption-attachment-1396\" style=\"width: 600px\" class=\"wp-caption aligncenter\"><img loading=\"lazy\" decoding=\"async\" class=\"wp-image-1396\" src=\"https:\/\/dutch100marathonrunners.com\/wp-content\/uploads\/2022\/03\/Horst-Preisler-Genk-2013-300x200.jpg\" alt=\"\" width=\"600\" height=\"400\" srcset=\"https:\/\/dutch100marathonrunners.com\/wp-content\/uploads\/2022\/03\/Horst-Preisler-Genk-2013-300x200.jpg 300w, https:\/\/dutch100marathonrunners.com\/wp-content\/uploads\/2022\/03\/Horst-Preisler-Genk-2013-768x512.jpg 768w, https:\/\/dutch100marathonrunners.com\/wp-content\/uploads\/2022\/03\/Horst-Preisler-Genk-2013.jpg 800w\" sizes=\"auto, (max-width: 600px) 100vw, 600px\" \/><figcaption id=\"caption-attachment-1396\" class=\"wp-caption-text\">Samen met Horst aan de finish van de LPM Marathon 2013 in Genk georganiseerd door Micha Havreluk.<\/figcaption><\/figure>\n<p>Op de vraag aan Horst Preisler hoe hij zo ver is gekomen zei Horst: &#8220;<span class=\"Y2IQFc\" lang=\"de\">Mit Disziplin und Geduld&#8221;<\/span><\/p>\n<figure id=\"attachment_1397\" aria-describedby=\"caption-attachment-1397\" style=\"width: 494px\" class=\"wp-caption aligncenter\"><img loading=\"lazy\" decoding=\"async\" class=\"wp-image-1397 size-full\" src=\"https:\/\/dutch100marathonrunners.com\/wp-content\/uploads\/2022\/03\/Horst-Preisler-Kasterlee-2013.jpg\" alt=\"\" width=\"494\" height=\"744\" srcset=\"https:\/\/dutch100marathonrunners.com\/wp-content\/uploads\/2022\/03\/Horst-Preisler-Kasterlee-2013.jpg 494w, https:\/\/dutch100marathonrunners.com\/wp-content\/uploads\/2022\/03\/Horst-Preisler-Kasterlee-2013-199x300.jpg 199w\" sizes=\"auto, (max-width: 494px) 100vw, 494px\" \/><figcaption id=\"caption-attachment-1397\" class=\"wp-caption-text\">Horst Preisler met startnummer 1\u00a0 gehuldigd aan de finish van de Kasterlee Marathon in Belgi\u00eb in 2013<\/figcaption><\/figure>\n<figure id=\"attachment_1398\" aria-describedby=\"caption-attachment-1398\" style=\"width: 497px\" class=\"wp-caption aligncenter\"><img loading=\"lazy\" decoding=\"async\" class=\"wp-image-1398 size-full\" src=\"https:\/\/dutch100marathonrunners.com\/wp-content\/uploads\/2022\/03\/Horst-Preisler-Kasterlee-dansend-2013.jpg\" alt=\"\" width=\"497\" height=\"745\" srcset=\"https:\/\/dutch100marathonrunners.com\/wp-content\/uploads\/2022\/03\/Horst-Preisler-Kasterlee-dansend-2013.jpg 497w, https:\/\/dutch100marathonrunners.com\/wp-content\/uploads\/2022\/03\/Horst-Preisler-Kasterlee-dansend-2013-200x300.jpg 200w\" sizes=\"auto, (max-width: 497px) 100vw, 497px\" \/><figcaption id=\"caption-attachment-1398\" class=\"wp-caption-text\">Horst Preisler had na de huldiging in Kasterlee nog energie voor een dansje<\/figcaption><\/figure>\n<p>Horst werd ook na de periode dat hij de ranglijst aanvoerde nog steeds liefkozend Weltmeister genoemd en dat komt mede doordat Horst alleen naar georganiseerde marathons ging. Omdat Horst geen auto had moest hij alles met het openbaar vervoer doen en streefde hij naar twee marathons in ieder weekeinde. Dat was een uitdaging en inspanning op zich.<\/p>\n<figure id=\"attachment_1392\" aria-describedby=\"caption-attachment-1392\" style=\"width: 600px\" class=\"wp-caption aligncenter\"><img loading=\"lazy\" decoding=\"async\" class=\"wp-image-1392 size-full\" src=\"https:\/\/dutch100marathonrunners.com\/wp-content\/uploads\/2022\/03\/Horst-Preisler-Kevelaer-2014.jpg\" alt=\"\" width=\"600\" height=\"450\" srcset=\"https:\/\/dutch100marathonrunners.com\/wp-content\/uploads\/2022\/03\/Horst-Preisler-Kevelaer-2014.jpg 600w, https:\/\/dutch100marathonrunners.com\/wp-content\/uploads\/2022\/03\/Horst-Preisler-Kevelaer-2014-300x225.jpg 300w\" sizes=\"auto, (max-width: 600px) 100vw, 600px\" \/><figcaption id=\"caption-attachment-1392\" class=\"wp-caption-text\">Horst Preisler in Kevelaer in 2014<\/figcaption><\/figure>\n<p>De huidige nummer 1 van de wereld is wat Horst en anderen betreft omstreden omdat hij meerdere keren per week een rondje vanuit huis loopt met weinig controle en zonder de reistijd en onkosten die Horst voor zijn rekening nam. Dat zat Horst niet lekker en is mede de reden dat Horst Preisler ook na het verliezen van de nummer 1 positie nog steeds liefkozend Weltmeister werd genoemd en als zodanig gezien wordt.<\/p>\n<figure id=\"attachment_1426\" aria-describedby=\"caption-attachment-1426\" style=\"width: 245px\" class=\"wp-caption aligncenter\"><img loading=\"lazy\" decoding=\"async\" class=\"size-full wp-image-1426\" src=\"https:\/\/dutch100marathonrunners.com\/wp-content\/uploads\/2022\/03\/Horst-Preisler-en-Hans-Kleinekoort.jpg\" alt=\"\" width=\"245\" height=\"206\" \/><figcaption id=\"caption-attachment-1426\" class=\"wp-caption-text\">Uit de oude doos: Hans Kleinekoort en Horst Preisler<\/figcaption><\/figure>\n<p>Tijdens mijn laatste marathon, de Vrienden Bedankt Marathon, mei 2014, kwam Horst wederom met de trein uit Hamburg en die gelegenheid werd door vele marathonvrienden aangegrepen om met de &#8220;Weltmeister&#8221;op de foto te gaan.<\/p>\n<figure id=\"attachment_1394\" aria-describedby=\"caption-attachment-1394\" style=\"width: 600px\" class=\"wp-caption aligncenter\"><img loading=\"lazy\" decoding=\"async\" class=\"wp-image-1394 size-full\" src=\"https:\/\/dutch100marathonrunners.com\/wp-content\/uploads\/2022\/03\/Horst-Preisler-Vrienden-Bedank-Marathon-2014.jpg\" alt=\"\" width=\"600\" height=\"450\" srcset=\"https:\/\/dutch100marathonrunners.com\/wp-content\/uploads\/2022\/03\/Horst-Preisler-Vrienden-Bedank-Marathon-2014.jpg 600w, https:\/\/dutch100marathonrunners.com\/wp-content\/uploads\/2022\/03\/Horst-Preisler-Vrienden-Bedank-Marathon-2014-300x225.jpg 300w\" sizes=\"auto, (max-width: 600px) 100vw, 600px\" \/><figcaption id=\"caption-attachment-1394\" class=\"wp-caption-text\">Hans Kleinekoort, Francis Spoelstra, Horst Preisler, Gijs Honing<\/figcaption><\/figure>\n<p>Horst Preisler heeft 1000 km moeten reizen met de trein om mijn 200ste marathon mee te maken. Wat een eer!\u00a0 Na 1844 marathons is de snelheid er uit maar nog steeds volbrengt Horst de marathon afstand met veel plezier. Ik wilde Horst niet alleen laten lopen en ik vond Hans Kleinekoort(R.I.P.), Gijs Honing, Willem Muetze, Annemarie Muetze-Hosli en Alex Wijsman bereid om Horst te vergezellen tijdens de eerste ronde. Een ere escort voor een icoon in de wereld van marathonverzamelaars!<\/p>\n<figure id=\"attachment_1395\" aria-describedby=\"caption-attachment-1395\" style=\"width: 600px\" class=\"wp-caption aligncenter\"><img loading=\"lazy\" decoding=\"async\" class=\"wp-image-1395 size-full\" src=\"https:\/\/dutch100marathonrunners.com\/wp-content\/uploads\/2022\/03\/Horst-Preisler-en-zijn-escort.jpg\" alt=\"\" width=\"600\" height=\"450\" srcset=\"https:\/\/dutch100marathonrunners.com\/wp-content\/uploads\/2022\/03\/Horst-Preisler-en-zijn-escort.jpg 600w, https:\/\/dutch100marathonrunners.com\/wp-content\/uploads\/2022\/03\/Horst-Preisler-en-zijn-escort-300x225.jpg 300w\" sizes=\"auto, (max-width: 600px) 100vw, 600px\" \/><figcaption id=\"caption-attachment-1395\" class=\"wp-caption-text\">Horst Preisler en \u201czijn\u201d escorte is klaar voor vertrek<\/figcaption><\/figure>\n<p>Het zou een van zijn laatste marathons worden. Het einde van een tijdperk.\u00a0 De teller kwam die dag op 1844 marathons . Hiervan waren er ongeveer 200 die Horst in Nederland liep. Horst was een uniek atleet, een lieve man en een door vele gewaardeerde en inspirerende marathon vriend. Horst kwam totaal tot 2002 marathons.<\/p>\n<p>Horst bedankt lieve vriend, ik ga je missen.\u00a0 Francis Spoelstra<\/p>\n<p><img loading=\"lazy\" decoding=\"async\" class=\"wp-image-1399 size-thumbnail aligncenter\" src=\"https:\/\/dutch100marathonrunners.com\/wp-content\/uploads\/2022\/03\/rest-in-peace-150x150.jpg\" alt=\"\" width=\"150\" height=\"150\" srcset=\"https:\/\/dutch100marathonrunners.com\/wp-content\/uploads\/2022\/03\/rest-in-peace-150x150.jpg 150w, https:\/\/dutch100marathonrunners.com\/wp-content\/uploads\/2022\/03\/rest-in-peace-100x100.jpg 100w\" sizes=\"auto, (max-width: 150px) 100vw, 150px\" \/><\/p>\n<p style=\"text-align: center;\">Horst Preisler, 2 augustus 1935 &#8211; 23 februari 2022<\/p>\n<p style=\"text-align: left;\"><span style=\"color: #0000ff;\"><em>* Gijs Honing: &#8220;<\/em><\/span><em><span style=\"color: #0000ff;\">Goed dat er op deze wijze aan ons aller sympathieke loopvriend aandacht besteed wordt. <span class=\"d2edcug0 hpfvmrgz qv66sw1b c1et5uql lr9zc1uh a8c37x1j fe6kdd0r mau55g9w c8b282yb keod5gw0 nxhoafnm aigsh9s9 d3f4x2em iv3no6db jq4qci2q a3bd9o3v b1v8xokw oo9gr5id\" dir=\"auto\" lang=\"nl\">Horst was voor mij de echte weltmeister! Heel mooie momenten met hem meegemaakt. Ondermeer in de eerste 10 daagse marathon in Soerendonk. Later vele malen elkaar overal gezien en ontmoet. Met een diepe buiging voor zijn grootse prestaties. <\/span>En ik sluit mij zonder meer aan bij je afsluitende slotconclusie: R.I.P Horst&#8221;<\/span><\/em><\/p>\n<p style=\"text-align: left;\"><span style=\"color: #0000ff;\"><em>* Wim Hogentoren: &#8220;<\/em><\/span><span style=\"color: #0000ff;\">Ach Horst, aardige bescheiden man. Vaak tegengekomen bij een wedstrijd maar eigenlijk nooit samen met je gelopen. Ik heb geen foto&#8217;s, goede herinneringen wel, volop zelfs. Dag Horst, ik denk aan je terug met een glimlach&#8221;<\/span><\/p>\n<p style=\"text-align: left;\"><span style=\"color: #0000ff;\"><em>* Micha Havreluk(B): &#8220;Ik verneem net het overlijden van de minzame Duitse marathonloper en hardloopvriend Horst Preisler, 86. Ik was als enige Belg uitgenodigd om zijn 70ste verjaardag in 2005 te vieren. Dit gebeurde in Hamburg op de Tartanpiste Oldenfelde waar Horst samen met 69 marathonlopers\/loopsters van over de wereld een baanmarathon, 105,5 rondjes, organiseerde. De opbrengst ging integraal naar een schoolproject in Ghana, een schooltje dat door zijn dochter daar geleid werd. <\/em><\/span><span style=\"color: #0000ff;\"><em>Horst was destijds wereldrecordhouder aantal gelopen marathons\/ultra&#8217;s en haalde tenslotte 1844+ stuks. <\/em><\/span><span style=\"color: #0000ff;\"><em>Ook tekende hij een aantal keren hier in Genk present en overnachtte bij mij thuis om &#8216;s daags nadien in Kattevennen de door mij en Marc Vanoosterwijck georganiseerde Louis Persoons Memorial Marathon te lopen. <\/em><\/span><span style=\"color: #0000ff;\"><em>Rust in vrede, goede vriend.<\/em><\/span><\/p>\n<figure id=\"attachment_1418\" aria-describedby=\"caption-attachment-1418\" style=\"width: 250px\" class=\"wp-caption aligncenter\"><img loading=\"lazy\" decoding=\"async\" class=\"wp-image-1418\" src=\"https:\/\/dutch100marathonrunners.com\/wp-content\/uploads\/2022\/03\/Horst-Preisler-en-Micha-Havereluk-213x300.jpg\" alt=\"\" width=\"250\" height=\"352\" srcset=\"https:\/\/dutch100marathonrunners.com\/wp-content\/uploads\/2022\/03\/Horst-Preisler-en-Micha-Havereluk-213x300.jpg 213w, https:\/\/dutch100marathonrunners.com\/wp-content\/uploads\/2022\/03\/Horst-Preisler-en-Micha-Havereluk-728x1024.jpg 728w, https:\/\/dutch100marathonrunners.com\/wp-content\/uploads\/2022\/03\/Horst-Preisler-en-Micha-Havereluk-768x1080.jpg 768w, https:\/\/dutch100marathonrunners.com\/wp-content\/uploads\/2022\/03\/Horst-Preisler-en-Micha-Havereluk.jpg 955w\" sizes=\"auto, (max-width: 250px) 100vw, 250px\" \/><figcaption id=\"caption-attachment-1418\" class=\"wp-caption-text\">Horst Preisler en Micha Havreluk (LPM Genk)<\/figcaption><\/figure>\n<p><span style=\"color: #0000ff;\"><em>* Mark Van Bogaert(B): &#8220;<span class=\"d2edcug0 hpfvmrgz qv66sw1b c1et5uql lr9zc1uh a8c37x1j fe6kdd0r mau55g9w c8b282yb keod5gw0 nxhoafnm aigsh9s9 d3f4x2em iv3no6db jq4qci2q a3bd9o3v b1v8xokw oo9gr5id\" dir=\"auto\" lang=\"nl\">Ontmoeting met een wereldrecordhouder, Soerendonk, putje winter. Marathonweekend in de sneeuw. Ik doe alleen zaterdag, Horst natuurlijk zaterdag + zondag. Komt een oude man uit de douche (ongeveer zo oud als ik nu, besef ik ineens), blauw bibberend van de kou. Moppert: &#8220;Die Duschen sind kalt!&#8221; (Buiten vriest het stenen uit de grond.) Ik: &#8220;Sind Sie Horst Preisler?&#8221; &#8220;Ja&#8221;.\u00a0 &#8220;D\u00e9r Horst Preisler?&#8221; Er verschijnt toch wat fonkel in zijn bevroren ogen. Zie ik dat je voor die campingdouches een muntje moet hebben, dan worden ze warm. Ik mail de organisatie &#8216;s avonds of ze Horst Preisler, De Wereldrecordhouder, zondag na de volgende sneeuwmarathon even zo&#8217;n muntje voor een w\u00e1rme douche kunnen bezorgen. Zondagavond bedankje van Horst. Daarna nog tientallen marathons een paar kilometer mijn beste Duits geoefend met Horst, ook in Genk. Warme herinneringen. En ijskoude dus ook.<\/span><\/em><\/span><\/p>\n<p><span style=\"color: #0000ff;\"><em>* Henk Sipers: &#8220;<span class=\"d2edcug0 hpfvmrgz qv66sw1b c1et5uql lr9zc1uh a8c37x1j fe6kdd0r mau55g9w c8b282yb keod5gw0 nxhoafnm aigsh9s9 d3f4x2em iv3no6db jq4qci2q a3bd9o3v b1v8xokw oo9gr5id\" dir=\"auto\" lang=\"nl\">Heel veel sterkte voor familie en vrienden. Ik leerde Horst kennen in 2002 tijdens een marathon 10 daagse en herinner me de verhalen die hij elke dag vertelde tijdens ons verblijf in een vakantiehuisje aldaar &#8230;&#8230;. Ik weet nog dat hij vertelde dat hij voor zijn \u00e9\u00e9rste marathon een 100 km liep!!!<\/span><\/em><\/span><\/p>\n<figure id=\"attachment_1419\" aria-describedby=\"caption-attachment-1419\" style=\"width: 300px\" class=\"wp-caption aligncenter\"><img loading=\"lazy\" decoding=\"async\" class=\"size-medium wp-image-1419\" src=\"https:\/\/dutch100marathonrunners.com\/wp-content\/uploads\/2022\/03\/Henk-Sipers-en-Horst-Preisler-300x266.jpg\" alt=\"\" width=\"300\" height=\"266\" srcset=\"https:\/\/dutch100marathonrunners.com\/wp-content\/uploads\/2022\/03\/Henk-Sipers-en-Horst-Preisler-300x266.jpg 300w, https:\/\/dutch100marathonrunners.com\/wp-content\/uploads\/2022\/03\/Henk-Sipers-en-Horst-Preisler.jpg 475w\" sizes=\"auto, (max-width: 300px) 100vw, 300px\" \/><figcaption id=\"caption-attachment-1419\" class=\"wp-caption-text\">Henk Sipers en Horst Preisler<\/figcaption><\/figure>\n<p><span style=\"color: #0000ff;\"><em>* J\u00fcrgen Lehmann(D): Ich habe Horst Preisler als einen angenehmen, freundlichen und bescheidenen Menschen kennengelernt. Hut ab vor seinen sportlichen Leistungen. Er war in jeder Hinsicht auch ein sehr diziplinierter Mensch, denn sonst bekommt man so etwas nicht zustande.<\/em><\/span><br \/>\n<span style=\"color: #0000ff;\"><em>Hier ein kurzes Gedicht von Rainer Maria Rilke f\u00fcr ihn:<\/em><\/span><\/p>\n<p><span style=\"color: #0000ff;\"><em>Ich lebe mein Leben in wachsenden Ringen,<\/em><\/span><br \/>\n<span style=\"color: #0000ff;\"><em>die sich \u00fcber die Dinge ziehen.<\/em><\/span><br \/>\n<span style=\"color: #0000ff;\"><em>Ich werde den letzten vielleicht nicht vollbringen,<\/em><\/span><br \/>\n<span style=\"color: #0000ff;\"><em>aber versuchen will ich ihn.<\/em><\/span><br \/>\n<span style=\"color: #0000ff;\"><em>Viele Gr\u00fc\u00dfe<\/em><\/span><\/p>\n<p><span style=\"color: #0000ff;\"><em>* Louis Hufkens(B): Onze goede lieve vriend Horst Preisler was niet de spraakzaamste maar zelf keek ik ook enorm op naar hem en bij onze ontmoetingen waren enkele woordjes voldoende zodat wij weer verder de volgende marathon konden aanvatte . Zijn drive en doorzettingsvermogen heb ik steeds voor ogen gehouden als ik minder goed bezig was tijdens de marathon. Beter verwoord: \u201cOpgeven is geen optie\u201d en dat was dan ook het motto van Horst !<\/em><\/span><\/p>\n<p><span style=\"color: #0000ff;\"><em>* Mario Sagasser- President 100 Marathon Club Deutschland: Am Mittwoch, 23 Februar 2022 hat unser Ehrenmitglied Horst Preisler die letzte Ziellinie seines Lebens \u00fcberschritten. Unser Mitgef\u00fchl gilt seiner Familie.<\/em><\/span><br \/>\n<span style=\"color: #0000ff;\"><em>Horst f\u00fchrte die Weltrangliste der Marathonsammler von Ende 1995 bis zum Sommer 2011 an. Horst war seit 2006 Ehrenmitglied unseres Clubs und Gr\u00fcndungsmitglied der DUV.<\/em><\/span><br \/>\n<span style=\"color: #0000ff;\"><em>Bereits in meinem R\u00fcckblick \u201eWie Horst die Weltspitze \u00fcbernahm\u201c berichtete ich von meiner ersten Ber\u00fchrung mit Horsts au\u00dfergew\u00f6hnlichen Leistungen. Eine Berliner Zeitung portraitierte ihn im September 2000, als er seinen 1.000. Marathon beim Berlin-Marathon dem Frieden widmete. Gerade in diesen besonderen Tagen des Zeitenwandels eine Geste mit Weitblick.<\/em><\/span><br \/>\n<span style=\"color: #0000ff;\"><em>Ein weiterer Kontakt, inzwischen kannten wir uns zumindest vom Sehen, fand in der Umkleide nach einem Kaltenkirchen-Marathon statt, als ich ihm nachtr\u00e4glich zum Geburtstag gratulierte und Gesundheit und Erfolg w\u00fcnschte. Horsts Antwort ganz typisch: \u201eWas n\u00fctzt einem Gesundheit, wenn man keine Lebensfreude hat!\u201c Ich habe die Lektion gelernt und w\u00fcnsche seitdem jedem Geburtstagskind auch Lebensfreude!<\/em><\/span><br \/>\n<span style=\"color: #0000ff;\"><em>Horst, du bleibst in unserer Erinnerung, denn wie schrieb mir spontan ein Mitglied: \u201eDer Gro\u00dfmeister des Marathonsammelns ist gegangen. Die Laufwelt ist \u00e4rmer geworden.\u201c<\/em><\/span><\/p>\n<div class=\"ecm0bbzt e5nlhep0 a8c37x1j\"><\/div>\n<div dir=\"auto\">\n<figure id=\"attachment_1431\" aria-describedby=\"caption-attachment-1431\" style=\"width: 450px\" class=\"wp-caption aligncenter\"><img loading=\"lazy\" decoding=\"async\" class=\"wp-image-1431\" src=\"https:\/\/dutch100marathonrunners.com\/wp-content\/uploads\/2022\/03\/Horst-Preisler-met-dochter-Beate-300x225.gif\" alt=\"\" width=\"450\" height=\"338\" \/><figcaption id=\"caption-attachment-1431\" class=\"wp-caption-text\">Horst Preisler met zijn dochter Beate<\/figcaption><\/figure>\n<\/div>\n<div class=\"ecm0bbzt e5nlhep0 a8c37x1j\">\n<div class=\"cxmmr5t8 oygrvhab hcukyx3x c1et5uql o9v6fnle\">\n<div dir=\"auto\"><\/div>\n<\/div>\n<\/div>\n","protected":false},"excerpt":{"rendered":"<p>Met pijn in ons sporthart hebben we op 23 februari 2022 afscheid moeten nemen van \u201cWeltmeister\u201d Horst Preisler uit Hamburg. Horst is geboren op 2 augustus 1935 en werd 86. Het overlijden van Horst raakte mij ook persoonlijk omdat ik door de jaren heen een steeds betere band kreeg met Horst en hij behalve een &hellip; <\/p>\n<p class=\"link-more\"><a href=\"https:\/\/dutch100marathonrunners.com\/?page_id=1389\" class=\"more-link\">Continue reading<span class=\"screen-reader-text\"> &#8220;Horst Preisler&#8221;<\/span><\/a><\/p>\n","protected":false},"author":3,"featured_media":0,"parent":0,"menu_order":0,"comment_status":"closed","ping_status":"closed","template":"","meta":{"footnotes":""},"class_list":["post-1389","page","type-page","status-publish","hentry"],"_links":{"self":[{"href":"https:\/\/dutch100marathonrunners.com\/index.php?rest_route=\/wp\/v2\/pages\/1389","targetHints":{"allow":["GET"]}}],"collection":[{"href":"https:\/\/dutch100marathonrunners.com\/index.php?rest_route=\/wp\/v2\/pages"}],"about":[{"href":"https:\/\/dutch100marathonrunners.com\/index.php?rest_route=\/wp\/v2\/types\/page"}],"author":[{"embeddable":true,"href":"https:\/\/dutch100marathonrunners.com\/index.php?rest_route=\/wp\/v2\/users\/3"}],"replies":[{"embeddable":true,"href":"https:\/\/dutch100marathonrunners.com\/index.php?rest_route=%2Fwp%2Fv2%2Fcomments&post=1389"}],"version-history":[{"count":33,"href":"https:\/\/dutch100marathonrunners.com\/index.php?rest_route=\/wp\/v2\/pages\/1389\/revisions"}],"predecessor-version":[{"id":1762,"href":"https:\/\/dutch100marathonrunners.com\/index.php?rest_route=\/wp\/v2\/pages\/1389\/revisions\/1762"}],"wp:attachment":[{"href":"https:\/\/dutch100marathonrunners.com\/index.php?rest_route=%2Fwp%2Fv2%2Fmedia&parent=1389"}],"curies":[{"name":"wp","href":"https:\/\/api.w.org\/{rel}","templated":true}]}}