{"id":81,"date":"2012-09-22T13:19:56","date_gmt":"2012-09-22T13:19:56","guid":{"rendered":"http:\/\/dutch100marathonrunners.com\/?page_id=81"},"modified":"2026-02-02T08:07:41","modified_gmt":"2026-02-02T08:07:41","slug":"update","status":"publish","type":"page","link":"https:\/\/dutch100marathonrunners.com\/?page_id=81","title":{"rendered":"update"},"content":{"rendered":"<address>\u00a0<\/address>\n<address><span style=\"color: #ff6600;\"><img loading=\"lazy\" decoding=\"async\" class=\"alignnone size-full wp-image-82\" title=\"NL\" src=\"http:\/\/dutch100marathonrunners.com\/wp-content\/uploads\/2012\/09\/NL5.jpg\" alt=\"\" width=\"25\" height=\"16\" \/> Wil je zo vriendelijk zijn om twee keer per jaar je nieuwe totaal door te geven?<\/span><\/address>\n<address><span style=\"color: #ff6600;\">\u2022 Graag horen wij wat je nieuwe totaal is op 1 januari en\/of 1 juli. Totalen die n\u00e1 7 januari of 7 juli worden doorgegeven worden de eerst volgende update bijgewerkt. Tussendoor een totaal bijwerken van \u00e9\u00e9n loper is extra veel werk dus graag binnen de eerste week van januari of juli. Bedankt voor je begrip.<\/span><\/address>\n<address><span style=\"color: #ff6600;\">\u2022 Bij de eerste aanmelding ontvangen wij graag een pdf van je gelopen marathons en bijbehorende details.\u00a0<\/span><\/address>\n<address><span style=\"color: #ff6600;\">\u2022 Email voor update of contact <a style=\"color: #ff6600;\" href=\"https:\/\/dutch100marathonrunners.com\/?page_id=10\">vind je hier.<\/a><\/span><\/address>\n<p style=\"text-align: center;\"><img loading=\"lazy\" decoding=\"async\" class=\"alignnone size-full wp-image-120\" title=\"\" src=\"http:\/\/dutch100marathonrunners.com\/wp-content\/uploads\/2012\/09\/Adidas-Running-shoes-2011-orange-sneakers-1-75-x-513.jpg\" alt=\"\" width=\"75\" height=\"51\" \/><\/p>\n","protected":false},"excerpt":{"rendered":"<p>\u00a0 Wil je zo vriendelijk zijn om twee keer per jaar je nieuwe totaal door te geven? \u2022 Graag horen wij wat je nieuwe totaal is op 1 januari en\/of 1 juli. Totalen die n\u00e1 7 januari of 7 juli worden doorgegeven worden de eerst volgende update bijgewerkt. Tussendoor een totaal bijwerken van \u00e9\u00e9n loper &hellip; <\/p>\n<p class=\"link-more\"><a href=\"https:\/\/dutch100marathonrunners.com\/?page_id=81\" class=\"more-link\">Continue reading<span class=\"screen-reader-text\"> &#8220;update&#8221;<\/span><\/a><\/p>\n","protected":false},"author":3,"featured_media":0,"parent":0,"menu_order":6,"comment_status":"closed","ping_status":"closed","template":"","meta":{"footnotes":""},"class_list":["post-81","page","type-page","status-publish","hentry"],"_links":{"self":[{"href":"https:\/\/dutch100marathonrunners.com\/index.php?rest_route=\/wp\/v2\/pages\/81","targetHints":{"allow":["GET"]}}],"collection":[{"href":"https:\/\/dutch100marathonrunners.com\/index.php?rest_route=\/wp\/v2\/pages"}],"about":[{"href":"https:\/\/dutch100marathonrunners.com\/index.php?rest_route=\/wp\/v2\/types\/page"}],"author":[{"embeddable":true,"href":"https:\/\/dutch100marathonrunners.com\/index.php?rest_route=\/wp\/v2\/users\/3"}],"replies":[{"embeddable":true,"href":"https:\/\/dutch100marathonrunners.com\/index.php?rest_route=%2Fwp%2Fv2%2Fcomments&post=81"}],"version-history":[{"count":22,"href":"https:\/\/dutch100marathonrunners.com\/index.php?rest_route=\/wp\/v2\/pages\/81\/revisions"}],"predecessor-version":[{"id":1924,"href":"https:\/\/dutch100marathonrunners.com\/index.php?rest_route=\/wp\/v2\/pages\/81\/revisions\/1924"}],"wp:attachment":[{"href":"https:\/\/dutch100marathonrunners.com\/index.php?rest_route=%2Fwp%2Fv2%2Fmedia&parent=81"}],"curies":[{"name":"wp","href":"https:\/\/api.w.org\/{rel}","templated":true}]}}